{"id":80,"date":"2025-06-30T12:31:52","date_gmt":"2025-06-30T10:31:52","guid":{"rendered":"https:\/\/dolceonorio.be\/?page_id=80"},"modified":"2025-07-09T15:33:47","modified_gmt":"2025-07-09T13:33:47","slug":"gateaux-glaces","status":"publish","type":"page","link":"https:\/\/dolceonorio.be\/index.php\/gateaux-glaces\/","title":{"rendered":"G\u00e2teaux glac\u00e9s"},"content":{"rendered":"\n<div class=\"wp-block-cover alignfull\" style=\"margin-top:0;margin-bottom:0;padding-top:110px;min-height:369px;aspect-ratio:unset;\"><img loading=\"lazy\" decoding=\"async\" width=\"940\" height=\"788\" class=\"wp-block-cover__image-background wp-image-99 size-full\" alt=\"\" src=\"https:\/\/dolceonorio.be\/wp-content\/uploads\/2025\/06\/Design-sans-titre-20.png\" data-object-fit=\"cover\" srcset=\"https:\/\/dolceonorio.be\/wp-content\/uploads\/2025\/06\/Design-sans-titre-20.png 940w, https:\/\/dolceonorio.be\/wp-content\/uploads\/2025\/06\/Design-sans-titre-20-300x251.png 300w, https:\/\/dolceonorio.be\/wp-content\/uploads\/2025\/06\/Design-sans-titre-20-768x644.png 768w\" sizes=\"auto, (max-width: 940px) 100vw, 940px\" \/><span aria-hidden=\"true\" class=\"wp-block-cover__background has-black-background-color has-background-dim-20 has-background-dim\"><\/span><div class=\"wp-block-cover__inner-container has-global-padding is-layout-constrained wp-container-core-cover-is-layout-d4cbc868 wp-block-cover-is-layout-constrained\">\n<h1 superb-addons-animation=\"fadeIn\" class=\"wp-block-heading has-text-align-center has-text-color\" style=\"color:#ffffff;font-size:clamp(33.419px, 2.089rem + ((1vw - 3.2px) * 3.021), 60px);font-style:normal;font-weight:700;line-height:1.1;opacity: 0;\"><strong>Nos g\u00e2teaux glac\u00e9s<\/strong><\/h1>\n\n\n\n<p class=\"has-text-align-center has-text-color\" style=\"color:#ffffff;margin-top:32px;font-size:clamp(16.293px, 1.018rem + ((1vw - 3.2px) * 0.989), 25px);line-height:1.8\">Le dessert qui marque vos plus belles occasions.<\/p>\n<\/div><\/div>\n\n\n\n<div class=\"wp-block-cover alignfull has-custom-content-position is-position-bottom-center\" style=\"margin-top:0;margin-bottom:0;padding-top:150px;padding-bottom:150px\"><img loading=\"lazy\" decoding=\"async\" width=\"940\" height=\"788\" class=\"wp-block-cover__image-background wp-image-101 size-full\" alt=\"\" src=\"https:\/\/dolceonorio.be\/wp-content\/uploads\/2025\/06\/Design-sans-titre-21.png\" data-object-fit=\"cover\" srcset=\"https:\/\/dolceonorio.be\/wp-content\/uploads\/2025\/06\/Design-sans-titre-21.png 940w, https:\/\/dolceonorio.be\/wp-content\/uploads\/2025\/06\/Design-sans-titre-21-300x251.png 300w, https:\/\/dolceonorio.be\/wp-content\/uploads\/2025\/06\/Design-sans-titre-21-768x644.png 768w\" sizes=\"auto, (max-width: 940px) 100vw, 940px\" \/><span aria-hidden=\"true\" class=\"wp-block-cover__background has-black-background-color has-background-dim\"><\/span><div class=\"wp-block-cover__inner-container has-global-padding is-layout-constrained wp-container-core-cover-is-layout-565f2eb5 wp-block-cover-is-layout-constrained\">\n<div class=\"wp-block-columns is-layout-flex wp-container-core-columns-is-layout-28f84493 wp-block-columns-is-layout-flex\">\n<div class=\"wp-block-column is-layout-flow wp-block-column-is-layout-flow\">\n<h2 class=\"wp-block-heading\" style=\"font-size:clamp(24.034px, 1.502rem + ((1vw - 3.2px) * 1.814), 40px);font-style:normal;font-weight:700\">Nos go\u00fbts<\/h2>\n<\/div>\n\n\n\n<div class=\"wp-block-column is-layout-flow wp-block-column-is-layout-flow\">\n<h2 class=\"wp-block-heading alignwide has-text-align-left\" id=\"we-re-a-studio-in-berlin-with-an-international-practice-in-architecture-urban-planning-and-interior-design-we-believe-in-sharing-knowledge-and-promoting-dialogue-to-increase-the-creative-potential-of-collaboration\" style=\"font-size:clamp(24.034px, 1.502rem + ((1vw - 3.2px) * 1.814), 40px);font-style:normal;font-weight:700;line-height:1.1\">Nos g\u00e2teaux glac\u00e9s<\/h2>\n<\/div>\n<\/div>\n\n\n\n<div class=\"wp-block-columns is-layout-flex wp-container-core-columns-is-layout-28f84493 wp-block-columns-is-layout-flex\">\n<div class=\"wp-block-column is-layout-flow wp-block-column-is-layout-flow\">\n<figure class=\"wp-block-image size-large\"><img loading=\"lazy\" decoding=\"async\" width=\"1024\" height=\"731\" src=\"https:\/\/dolceonorio.be\/wp-content\/uploads\/2025\/06\/tarif-1-1024x731.jpg\" alt=\"\" class=\"wp-image-92\" srcset=\"https:\/\/dolceonorio.be\/wp-content\/uploads\/2025\/06\/tarif-1-1024x731.jpg 1024w, https:\/\/dolceonorio.be\/wp-content\/uploads\/2025\/06\/tarif-1-300x214.jpg 300w, https:\/\/dolceonorio.be\/wp-content\/uploads\/2025\/06\/tarif-1-768x548.jpg 768w, https:\/\/dolceonorio.be\/wp-content\/uploads\/2025\/06\/tarif-1-1536x1097.jpg 1536w, https:\/\/dolceonorio.be\/wp-content\/uploads\/2025\/06\/tarif-1-2048x1462.jpg 2048w\" sizes=\"auto, (max-width: 1024px) 100vw, 1024px\" \/><\/figure>\n\n\n\n<p><\/p>\n<\/div>\n\n\n\n<div class=\"wp-block-column is-layout-flow wp-block-column-is-layout-flow\">\n<div class=\"wp-block-columns is-layout-flex wp-container-core-columns-is-layout-28f84493 wp-block-columns-is-layout-flex\">\n<div class=\"wp-block-column is-layout-flow wp-block-column-is-layout-flow\">\n<figure class=\"wp-block-image size-full\"><img loading=\"lazy\" decoding=\"async\" width=\"940\" height=\"788\" src=\"https:\/\/dolceonorio.be\/wp-content\/uploads\/2025\/06\/Design-sans-titre-19-1.png\" alt=\"\" class=\"wp-image-93\" srcset=\"https:\/\/dolceonorio.be\/wp-content\/uploads\/2025\/06\/Design-sans-titre-19-1.png 940w, https:\/\/dolceonorio.be\/wp-content\/uploads\/2025\/06\/Design-sans-titre-19-1-300x251.png 300w, https:\/\/dolceonorio.be\/wp-content\/uploads\/2025\/06\/Design-sans-titre-19-1-768x644.png 768w\" sizes=\"auto, (max-width: 940px) 100vw, 940px\" \/><\/figure>\n<\/div>\n\n\n\n<div class=\"wp-block-column is-layout-flow wp-block-column-is-layout-flow\">\n<figure class=\"wp-block-image size-full\"><img loading=\"lazy\" decoding=\"async\" width=\"940\" height=\"788\" src=\"https:\/\/dolceonorio.be\/wp-content\/uploads\/2025\/06\/Design-sans-titre-17-1.png\" alt=\"\" class=\"wp-image-94\" srcset=\"https:\/\/dolceonorio.be\/wp-content\/uploads\/2025\/06\/Design-sans-titre-17-1.png 940w, https:\/\/dolceonorio.be\/wp-content\/uploads\/2025\/06\/Design-sans-titre-17-1-300x251.png 300w, https:\/\/dolceonorio.be\/wp-content\/uploads\/2025\/06\/Design-sans-titre-17-1-768x644.png 768w\" sizes=\"auto, (max-width: 940px) 100vw, 940px\" \/><\/figure>\n<\/div>\n\n\n\n<div class=\"wp-block-column is-layout-flow wp-block-column-is-layout-flow\">\n<figure class=\"wp-block-image size-full\"><img loading=\"lazy\" decoding=\"async\" width=\"940\" height=\"788\" src=\"https:\/\/dolceonorio.be\/wp-content\/uploads\/2025\/06\/Design-sans-titre-18-1.png\" alt=\"\" class=\"wp-image-95\" srcset=\"https:\/\/dolceonorio.be\/wp-content\/uploads\/2025\/06\/Design-sans-titre-18-1.png 940w, https:\/\/dolceonorio.be\/wp-content\/uploads\/2025\/06\/Design-sans-titre-18-1-300x251.png 300w, https:\/\/dolceonorio.be\/wp-content\/uploads\/2025\/06\/Design-sans-titre-18-1-768x644.png 768w\" sizes=\"auto, (max-width: 940px) 100vw, 940px\" \/><\/figure>\n<\/div>\n<\/div>\n\n\n\n<div class=\"wp-block-columns is-layout-flex wp-container-core-columns-is-layout-28f84493 wp-block-columns-is-layout-flex\">\n<div class=\"wp-block-column is-layout-flow wp-block-column-is-layout-flow\">\n<figure class=\"wp-block-image size-full\"><img loading=\"lazy\" decoding=\"async\" width=\"940\" height=\"788\" src=\"https:\/\/dolceonorio.be\/wp-content\/uploads\/2025\/06\/Design-sans-titre-16-1.png\" alt=\"\" class=\"wp-image-96\" srcset=\"https:\/\/dolceonorio.be\/wp-content\/uploads\/2025\/06\/Design-sans-titre-16-1.png 940w, https:\/\/dolceonorio.be\/wp-content\/uploads\/2025\/06\/Design-sans-titre-16-1-300x251.png 300w, https:\/\/dolceonorio.be\/wp-content\/uploads\/2025\/06\/Design-sans-titre-16-1-768x644.png 768w\" sizes=\"auto, (max-width: 940px) 100vw, 940px\" \/><\/figure>\n<\/div>\n\n\n\n<div class=\"wp-block-column is-layout-flow wp-block-column-is-layout-flow\">\n<figure class=\"wp-block-image size-full\"><img loading=\"lazy\" decoding=\"async\" width=\"940\" height=\"788\" src=\"https:\/\/dolceonorio.be\/wp-content\/uploads\/2025\/06\/Design-sans-titre-15-1.png\" alt=\"\" class=\"wp-image-98\" srcset=\"https:\/\/dolceonorio.be\/wp-content\/uploads\/2025\/06\/Design-sans-titre-15-1.png 940w, https:\/\/dolceonorio.be\/wp-content\/uploads\/2025\/06\/Design-sans-titre-15-1-300x251.png 300w, https:\/\/dolceonorio.be\/wp-content\/uploads\/2025\/06\/Design-sans-titre-15-1-768x644.png 768w\" sizes=\"auto, (max-width: 940px) 100vw, 940px\" \/><\/figure>\n<\/div>\n\n\n\n<div class=\"wp-block-column is-layout-flow wp-block-column-is-layout-flow\">\n<figure class=\"wp-block-image size-full\"><img loading=\"lazy\" decoding=\"async\" width=\"940\" height=\"788\" src=\"https:\/\/dolceonorio.be\/wp-content\/uploads\/2025\/06\/Design-sans-titre-14-1.png\" alt=\"\" class=\"wp-image-97\" srcset=\"https:\/\/dolceonorio.be\/wp-content\/uploads\/2025\/06\/Design-sans-titre-14-1.png 940w, https:\/\/dolceonorio.be\/wp-content\/uploads\/2025\/06\/Design-sans-titre-14-1-300x251.png 300w, https:\/\/dolceonorio.be\/wp-content\/uploads\/2025\/06\/Design-sans-titre-14-1-768x644.png 768w\" sizes=\"auto, (max-width: 940px) 100vw, 940px\" \/><\/figure>\n<\/div>\n<\/div>\n\n\n\n<figure class=\"wp-block-image size-large\"><img loading=\"lazy\" decoding=\"async\" width=\"768\" height=\"1024\" src=\"https:\/\/dolceonorio.be\/wp-content\/uploads\/2025\/07\/94d0506e-e963-4069-b6e7-703b421f9b7f-768x1024.jpg\" alt=\"\" class=\"wp-image-132\" srcset=\"https:\/\/dolceonorio.be\/wp-content\/uploads\/2025\/07\/94d0506e-e963-4069-b6e7-703b421f9b7f-768x1024.jpg 768w, https:\/\/dolceonorio.be\/wp-content\/uploads\/2025\/07\/94d0506e-e963-4069-b6e7-703b421f9b7f-225x300.jpg 225w, https:\/\/dolceonorio.be\/wp-content\/uploads\/2025\/07\/94d0506e-e963-4069-b6e7-703b421f9b7f-1152x1536.jpg 1152w, https:\/\/dolceonorio.be\/wp-content\/uploads\/2025\/07\/94d0506e-e963-4069-b6e7-703b421f9b7f.jpg 1200w\" sizes=\"auto, (max-width: 768px) 100vw, 768px\" \/><\/figure>\n<\/div>\n<\/div>\n\n\n\n<p><strong>G\u00e2teaux personnalis\u00e9s sur commande<\/strong> \ud83c\udf82<br>Tous nos g\u00e2teaux sont enti\u00e8rement personnalisables selon vos envies : saveurs, formes, couleurs, d\u00e9corations\u2026 Laissez libre cours \u00e0 votre imagination !<\/p>\n\n\n\n<p><strong>Commande \u00e0 l&#8217;avance<\/strong><br>Pour garantir la qualit\u00e9 et la disponibilit\u00e9, merci de passer commande <strong>au moins une semaine \u00e0 l\u2019avance<\/strong>,<br>\ud83d\udcde par t\u00e9l\u00e9phone ou directement en boutique.<\/p>\n<\/div><\/div>\n","protected":false},"excerpt":{"rendered":"","protected":false},"author":1,"featured_media":0,"parent":0,"menu_order":0,"comment_status":"closed","ping_status":"closed","template":"","meta":{"footnotes":""},"class_list":["post-80","page","type-page","status-publish","hentry"],"_links":{"self":[{"href":"https:\/\/dolceonorio.be\/index.php\/wp-json\/wp\/v2\/pages\/80","targetHints":{"allow":["GET"]}}],"collection":[{"href":"https:\/\/dolceonorio.be\/index.php\/wp-json\/wp\/v2\/pages"}],"about":[{"href":"https:\/\/dolceonorio.be\/index.php\/wp-json\/wp\/v2\/types\/page"}],"author":[{"embeddable":true,"href":"https:\/\/dolceonorio.be\/index.php\/wp-json\/wp\/v2\/users\/1"}],"replies":[{"embeddable":true,"href":"https:\/\/dolceonorio.be\/index.php\/wp-json\/wp\/v2\/comments?post=80"}],"version-history":[{"count":6,"href":"https:\/\/dolceonorio.be\/index.php\/wp-json\/wp\/v2\/pages\/80\/revisions"}],"predecessor-version":[{"id":138,"href":"https:\/\/dolceonorio.be\/index.php\/wp-json\/wp\/v2\/pages\/80\/revisions\/138"}],"wp:attachment":[{"href":"https:\/\/dolceonorio.be\/index.php\/wp-json\/wp\/v2\/media?parent=80"}],"curies":[{"name":"wp","href":"https:\/\/api.w.org\/{rel}","templated":true}]}}