{"id":28,"date":"2025-06-30T10:14:57","date_gmt":"2025-06-30T08:14:57","guid":{"rendered":"https:\/\/dolceonorio.be\/?page_id=28"},"modified":"2025-07-09T15:35:05","modified_gmt":"2025-07-09T13:35:05","slug":"services","status":"publish","type":"page","link":"https:\/\/dolceonorio.be\/index.php\/services\/","title":{"rendered":"Camions ambulants"},"content":{"rendered":"\n<div class=\"wp-block-cover alignfull is-light has-custom-content-position is-position-top-center\" style=\"padding-top:110px;min-height:441px;aspect-ratio:unset;\"><img loading=\"lazy\" decoding=\"async\" width=\"940\" height=\"788\" class=\"wp-block-cover__image-background wp-image-68 size-full\" alt=\"\" src=\"https:\/\/dolceonorio.be\/wp-content\/uploads\/2025\/06\/Design-sans-titre-9.png\" data-object-fit=\"cover\" srcset=\"https:\/\/dolceonorio.be\/wp-content\/uploads\/2025\/06\/Design-sans-titre-9.png 940w, https:\/\/dolceonorio.be\/wp-content\/uploads\/2025\/06\/Design-sans-titre-9-300x251.png 300w, https:\/\/dolceonorio.be\/wp-content\/uploads\/2025\/06\/Design-sans-titre-9-768x644.png 768w\" sizes=\"auto, (max-width: 940px) 100vw, 940px\" \/><span aria-hidden=\"true\" class=\"wp-block-cover__background has-background-dim-20 has-background-dim\" style=\"background-color:#848484\"><\/span><div class=\"wp-block-cover__inner-container has-global-padding is-layout-constrained wp-container-core-cover-is-layout-d45655b9 wp-block-cover-is-layout-constrained\">\n<h1 class=\"wp-block-heading has-text-align-center has-text-color\" style=\"color:#ffffff;font-size:clamp(33.419px, 2.089rem + ((1vw - 3.2px) * 3.021), 60px);font-style:normal;font-weight:700;line-height:1.1\">Camions ambulants<\/h1>\n<\/div><\/div>\n\n\n\n<div class=\"wp-block-group alignfull has-global-padding is-layout-constrained wp-container-core-group-is-layout-dfcc580f wp-block-group-is-layout-constrained\" style=\"margin-top:0;margin-bottom:0;padding-top:100px;padding-bottom:0px\">\n<div class=\"wp-block-columns alignwide is-layout-flex wp-container-core-columns-is-layout-2be0c77d wp-block-columns-is-layout-flex\" style=\"margin-top:40px;margin-bottom:40px\">\n<div class=\"wp-block-column is-layout-flow wp-block-column-is-layout-flow\">\n<figure class=\"wp-block-image aligncenter size-full is-resized\"><img loading=\"lazy\" decoding=\"async\" width=\"500\" height=\"500\" src=\"https:\/\/dolceonorio.be\/wp-content\/uploads\/2025\/07\/Pink-and-Blue-Circle-Ice-Cream-Logo.png\" alt=\"\" class=\"wp-image-125\" style=\"width:196px;height:auto\" srcset=\"https:\/\/dolceonorio.be\/wp-content\/uploads\/2025\/07\/Pink-and-Blue-Circle-Ice-Cream-Logo.png 500w, https:\/\/dolceonorio.be\/wp-content\/uploads\/2025\/07\/Pink-and-Blue-Circle-Ice-Cream-Logo-300x300.png 300w, https:\/\/dolceonorio.be\/wp-content\/uploads\/2025\/07\/Pink-and-Blue-Circle-Ice-Cream-Logo-150x150.png 150w\" sizes=\"auto, (max-width: 500px) 100vw, 500px\" \/><\/figure>\n\n\n\n<div class=\"wp-block-buttons is-content-justification-center is-layout-flex wp-container-core-buttons-is-layout-a89b3969 wp-block-buttons-is-layout-flex\">\n<div class=\"wp-block-button\"><a class=\"wp-block-button__link has-text-color has-background has-bayon-font-family has-custom-font-size wp-element-button\" href=\"#\" style=\"border-radius:50px;color:#ffffff;background-color:#000000;padding-top:10px;padding-right:25px;padding-bottom:10px;padding-left:25px;font-size:clamp(14px, 0.875rem + ((1vw - 3.2px) * 0.227), 16px);font-style:normal;font-weight:500;letter-spacing:0px;text-transform:uppercase\">0470\/438036<\/a><\/div>\n<\/div>\n<\/div>\n\n\n\n<div class=\"wp-block-column is-layout-flow wp-block-column-is-layout-flow\">\n<figure class=\"wp-block-image aligncenter size-full is-resized\"><img loading=\"lazy\" decoding=\"async\" width=\"500\" height=\"500\" src=\"https:\/\/dolceonorio.be\/wp-content\/uploads\/2025\/07\/Pink-and-Blue-Circle-Ice-Cream-Logo-1.png\" alt=\"\" class=\"wp-image-126\" style=\"width:195px;height:auto\" srcset=\"https:\/\/dolceonorio.be\/wp-content\/uploads\/2025\/07\/Pink-and-Blue-Circle-Ice-Cream-Logo-1.png 500w, https:\/\/dolceonorio.be\/wp-content\/uploads\/2025\/07\/Pink-and-Blue-Circle-Ice-Cream-Logo-1-300x300.png 300w, https:\/\/dolceonorio.be\/wp-content\/uploads\/2025\/07\/Pink-and-Blue-Circle-Ice-Cream-Logo-1-150x150.png 150w\" sizes=\"auto, (max-width: 500px) 100vw, 500px\" \/><\/figure>\n\n\n\n<div class=\"wp-block-buttons is-content-justification-center is-layout-flex wp-container-core-buttons-is-layout-a89b3969 wp-block-buttons-is-layout-flex\">\n<div class=\"wp-block-button\"><a class=\"wp-block-button__link has-text-color has-background has-bayon-font-family has-custom-font-size wp-element-button\" href=\"#\" style=\"border-radius:50px;color:#ffffff;background-color:#000000;padding-top:10px;padding-right:25px;padding-bottom:10px;padding-left:25px;font-size:clamp(14px, 0.875rem + ((1vw - 3.2px) * 0.227), 16px);font-style:normal;font-weight:500;letter-spacing:0px;text-transform:uppercase\">0470\/568165<\/a><\/div>\n<\/div>\n<\/div>\n\n\n\n<div class=\"wp-block-column is-layout-flow wp-block-column-is-layout-flow\">\n<figure class=\"wp-block-image aligncenter size-full is-resized\"><img loading=\"lazy\" decoding=\"async\" width=\"500\" height=\"500\" src=\"https:\/\/dolceonorio.be\/wp-content\/uploads\/2025\/07\/Pink-and-Blue-Circle-Ice-Cream-Logo-2.png\" alt=\"\" class=\"wp-image-127\" style=\"width:195px;height:auto\" srcset=\"https:\/\/dolceonorio.be\/wp-content\/uploads\/2025\/07\/Pink-and-Blue-Circle-Ice-Cream-Logo-2.png 500w, https:\/\/dolceonorio.be\/wp-content\/uploads\/2025\/07\/Pink-and-Blue-Circle-Ice-Cream-Logo-2-300x300.png 300w, https:\/\/dolceonorio.be\/wp-content\/uploads\/2025\/07\/Pink-and-Blue-Circle-Ice-Cream-Logo-2-150x150.png 150w\" sizes=\"auto, (max-width: 500px) 100vw, 500px\" \/><\/figure>\n\n\n\n<div class=\"wp-block-buttons is-content-justification-center is-layout-flex wp-container-core-buttons-is-layout-a89b3969 wp-block-buttons-is-layout-flex\">\n<div class=\"wp-block-button\"><a class=\"wp-block-button__link has-text-color has-background has-bayon-font-family has-custom-font-size wp-element-button\" href=\"#\" style=\"border-radius:50px;color:#ffffff;background-color:#000000;padding-top:10px;padding-right:25px;padding-bottom:10px;padding-left:25px;font-size:clamp(14px, 0.875rem + ((1vw - 3.2px) * 0.227), 16px);font-style:normal;font-weight:500;letter-spacing:0px;text-transform:uppercase\">0471\/656696<\/a><\/div>\n<\/div>\n<\/div>\n<\/div>\n\n\n\n<div class=\"wp-block-columns alignwide is-layout-flex wp-container-core-columns-is-layout-2be0c77d wp-block-columns-is-layout-flex\" style=\"margin-top:40px;margin-bottom:40px\">\n<div class=\"wp-block-column is-layout-flow wp-block-column-is-layout-flow\">\n<figure class=\"wp-block-image aligncenter size-full is-resized\"><img loading=\"lazy\" decoding=\"async\" width=\"500\" height=\"500\" src=\"https:\/\/dolceonorio.be\/wp-content\/uploads\/2025\/07\/Pink-and-Blue-Circle-Ice-Cream-Logo-3.png\" alt=\"\" class=\"wp-image-128\" style=\"width:195px;height:auto\" srcset=\"https:\/\/dolceonorio.be\/wp-content\/uploads\/2025\/07\/Pink-and-Blue-Circle-Ice-Cream-Logo-3.png 500w, https:\/\/dolceonorio.be\/wp-content\/uploads\/2025\/07\/Pink-and-Blue-Circle-Ice-Cream-Logo-3-300x300.png 300w, https:\/\/dolceonorio.be\/wp-content\/uploads\/2025\/07\/Pink-and-Blue-Circle-Ice-Cream-Logo-3-150x150.png 150w\" sizes=\"auto, (max-width: 500px) 100vw, 500px\" \/><\/figure>\n\n\n\n<div class=\"wp-block-buttons is-content-justification-center is-layout-flex wp-container-core-buttons-is-layout-a89b3969 wp-block-buttons-is-layout-flex\">\n<div class=\"wp-block-button\"><a class=\"wp-block-button__link has-text-color has-background has-bayon-font-family has-custom-font-size wp-element-button\" href=\"#\" style=\"border-radius:50px;color:#ffffff;background-color:#000000;padding-top:10px;padding-right:25px;padding-bottom:10px;padding-left:25px;font-size:clamp(14px, 0.875rem + ((1vw - 3.2px) * 0.227), 16px);font-style:normal;font-weight:500;letter-spacing:0px;text-transform:uppercase\">0470\/606287<\/a><\/div>\n<\/div>\n<\/div>\n\n\n\n<div class=\"wp-block-column is-layout-flow wp-block-column-is-layout-flow\">\n<figure class=\"wp-block-image aligncenter size-full is-resized\"><img loading=\"lazy\" decoding=\"async\" width=\"500\" height=\"500\" src=\"https:\/\/dolceonorio.be\/wp-content\/uploads\/2025\/07\/Pink-and-Blue-Circle-Ice-Cream-Logo-4.png\" alt=\"\" class=\"wp-image-129\" style=\"width:195px;height:auto\" srcset=\"https:\/\/dolceonorio.be\/wp-content\/uploads\/2025\/07\/Pink-and-Blue-Circle-Ice-Cream-Logo-4.png 500w, https:\/\/dolceonorio.be\/wp-content\/uploads\/2025\/07\/Pink-and-Blue-Circle-Ice-Cream-Logo-4-300x300.png 300w, https:\/\/dolceonorio.be\/wp-content\/uploads\/2025\/07\/Pink-and-Blue-Circle-Ice-Cream-Logo-4-150x150.png 150w\" sizes=\"auto, (max-width: 500px) 100vw, 500px\" \/><\/figure>\n\n\n\n<div class=\"wp-block-buttons is-content-justification-center is-layout-flex wp-container-core-buttons-is-layout-a89b3969 wp-block-buttons-is-layout-flex\">\n<div class=\"wp-block-button\"><a class=\"wp-block-button__link has-text-color has-background has-bayon-font-family has-custom-font-size wp-element-button\" href=\"#\" style=\"border-radius:50px;color:#ffffff;background-color:#010d0d;padding-top:10px;padding-right:25px;padding-bottom:10px;padding-left:25px;font-size:clamp(14px, 0.875rem + ((1vw - 3.2px) * 0.227), 16px);font-style:normal;font-weight:500;letter-spacing:0px;text-transform:uppercase\">0472\/918337<\/a><\/div>\n<\/div>\n<\/div>\n\n\n\n<div class=\"wp-block-column is-layout-flow wp-block-column-is-layout-flow\">\n<figure class=\"wp-block-image aligncenter size-full is-resized\"><img loading=\"lazy\" decoding=\"async\" width=\"500\" height=\"500\" src=\"https:\/\/dolceonorio.be\/wp-content\/uploads\/2025\/07\/Pink-and-Blue-Circle-Ice-Cream-Logo-5.png\" alt=\"\" class=\"wp-image-130\" style=\"width:195px;height:auto\" srcset=\"https:\/\/dolceonorio.be\/wp-content\/uploads\/2025\/07\/Pink-and-Blue-Circle-Ice-Cream-Logo-5.png 500w, https:\/\/dolceonorio.be\/wp-content\/uploads\/2025\/07\/Pink-and-Blue-Circle-Ice-Cream-Logo-5-300x300.png 300w, https:\/\/dolceonorio.be\/wp-content\/uploads\/2025\/07\/Pink-and-Blue-Circle-Ice-Cream-Logo-5-150x150.png 150w\" sizes=\"auto, (max-width: 500px) 100vw, 500px\" \/><\/figure>\n\n\n\n<div class=\"wp-block-buttons is-content-justification-center is-layout-flex wp-container-core-buttons-is-layout-a89b3969 wp-block-buttons-is-layout-flex\">\n<div class=\"wp-block-button\"><a class=\"wp-block-button__link has-text-color has-background has-bayon-font-family has-custom-font-size wp-element-button\" href=\"#\" style=\"border-radius:50px;color:#ffffff;background-color:#010000;padding-top:10px;padding-right:25px;padding-bottom:10px;padding-left:25px;font-size:clamp(14px, 0.875rem + ((1vw - 3.2px) * 0.227), 16px);font-style:normal;font-weight:500;letter-spacing:0px;text-transform:uppercase\">0483\/416968<\/a><\/div>\n<\/div>\n<\/div>\n<\/div>\n\n\n\n<p class=\"has-text-align-center has-text-color has-link-color has-bayon-font-family wp-elements-ddb611e3a2a330ac9c9d68334a573468\" style=\"color:#086b6b;font-size:clamp(14px, 0.875rem + ((1vw - 3.2px) * 0.455), 18px);font-style:normal;font-weight:600;letter-spacing:0px\"><\/p>\n\n\n\n<div class=\"wp-block-group alignfull has-global-padding is-layout-constrained wp-container-core-group-is-layout-70b5dabc wp-block-group-is-layout-constrained\" style=\"padding-right:20px;padding-left:20px\">\n<div class=\"wp-block-group alignwide has-global-padding is-layout-constrained wp-container-core-group-is-layout-77b2b389 wp-block-group-is-layout-constrained\" style=\"padding-top:80px;padding-bottom:80px\">\n<div class=\"wp-block-columns alignwide is-layout-flex wp-container-core-columns-is-layout-c4677a31 wp-block-columns-is-layout-flex\">\n<div class=\"wp-block-column is-layout-flow wp-block-column-is-layout-flow\">\n<figure class=\"wp-block-image size-full has-custom-border\"><img loading=\"lazy\" decoding=\"async\" width=\"940\" height=\"788\" src=\"http:\/\/dolceonorio.be\/wp-content\/uploads\/2025\/07\/Design-sans-titre-22.png\" alt=\"\" class=\"wp-image-112\" style=\"border-radius:20px\" srcset=\"https:\/\/dolceonorio.be\/wp-content\/uploads\/2025\/07\/Design-sans-titre-22.png 940w, https:\/\/dolceonorio.be\/wp-content\/uploads\/2025\/07\/Design-sans-titre-22-300x251.png 300w, https:\/\/dolceonorio.be\/wp-content\/uploads\/2025\/07\/Design-sans-titre-22-768x644.png 768w\" sizes=\"auto, (max-width: 940px) 100vw, 940px\" \/><\/figure>\n<\/div>\n\n\n\n<div class=\"wp-block-column is-vertically-aligned-center is-layout-flow wp-container-core-column-is-layout-b15f4bf2 wp-block-column-is-layout-flow\">\n<h2 class=\"wp-block-heading has-text-color has-system-font-font-family\" style=\"color:#343534;padding-top:0;padding-bottom:10px;font-size:clamp(25.984px, 1.624rem + ((1vw - 3.2px) * 2.047), 44px);font-style:normal;font-weight:700;letter-spacing:1px;line-height:1.3\">Un camion de glace \u00e0 tous vos \u00e9vents!<\/h2>\n\n\n\n<p class=\"has-text-color has-link-color wp-elements-5bafcb411b659cffe3d499958f16bc6f\" style=\"color:#000000;font-size:clamp(14px, 0.875rem + ((1vw - 3.2px) * 0.455), 18px);\">Un \u00e9v\u00e8nement important ? R\u00e9servez d\u00e8s maintenant votre camion de glace priv\u00e9 et r\u00e9galez vos invit\u00e9s avec nos glaces artisanales et savoureuses !<\/p>\n\n\n\n<div class=\"wp-block-buttons is-content-justification-left is-layout-flex wp-container-core-buttons-is-layout-0294bfdf wp-block-buttons-is-layout-flex\" style=\"margin-top:20px\">\n<div class=\"wp-block-button\"><a class=\"wp-block-button__link has-text-color has-background has-bayon-font-family has-custom-font-size wp-element-button\" href=\"#\" style=\"border-radius:50px;color:#ffffff;background-color:#000000;padding-top:10px;padding-right:25px;padding-bottom:10px;padding-left:25px;font-size:clamp(14px, 0.875rem + ((1vw - 3.2px) * 0.227), 16px);font-style:normal;font-weight:700;letter-spacing:0px;text-transform:uppercase\">0483416968<\/a><\/div>\n<\/div>\n<\/div>\n<\/div>\n<\/div>\n\n\n\n<hr class=\"wp-block-separator alignwide has-text-color has-alpha-channel-opacity has-background is-style-wide\" style=\"margin-top:50px;margin-bottom:0px;background-color:#d2d6d5;color:#d2d6d5\"\/>\n\n\n\n<p class=\"has-text-align-center has-text-color has-link-color has-bayon-font-family wp-elements-b9ca2a8586e18a4cd6fab17d926a7c29\" style=\"color:#086b6b;font-size:clamp(14px, 0.875rem + ((1vw - 3.2px) * 0.455), 18px);font-style:normal;font-weight:700;letter-spacing:0px\"><\/p>\n<\/div>\n<\/div>\n\n\n\n<p><\/p>\n","protected":false},"excerpt":{"rendered":"<p>Un camion de glace \u00e0 tous vos \u00e9vents! Un \u00e9v\u00e8nement important ? R\u00e9servez d\u00e8s maintenant votre camion de glace priv\u00e9 et r\u00e9galez vos invit\u00e9s avec nos glaces artisanales et savoureuses !<\/p>\n","protected":false},"author":1,"featured_media":0,"parent":0,"menu_order":0,"comment_status":"closed","ping_status":"closed","template":"","meta":{"footnotes":""},"class_list":["post-28","page","type-page","status-publish","hentry"],"_links":{"self":[{"href":"https:\/\/dolceonorio.be\/index.php\/wp-json\/wp\/v2\/pages\/28","targetHints":{"allow":["GET"]}}],"collection":[{"href":"https:\/\/dolceonorio.be\/index.php\/wp-json\/wp\/v2\/pages"}],"about":[{"href":"https:\/\/dolceonorio.be\/index.php\/wp-json\/wp\/v2\/types\/page"}],"author":[{"embeddable":true,"href":"https:\/\/dolceonorio.be\/index.php\/wp-json\/wp\/v2\/users\/1"}],"replies":[{"embeddable":true,"href":"https:\/\/dolceonorio.be\/index.php\/wp-json\/wp\/v2\/comments?post=28"}],"version-history":[{"count":9,"href":"https:\/\/dolceonorio.be\/index.php\/wp-json\/wp\/v2\/pages\/28\/revisions"}],"predecessor-version":[{"id":140,"href":"https:\/\/dolceonorio.be\/index.php\/wp-json\/wp\/v2\/pages\/28\/revisions\/140"}],"wp:attachment":[{"href":"https:\/\/dolceonorio.be\/index.php\/wp-json\/wp\/v2\/media?parent=28"}],"curies":[{"name":"wp","href":"https:\/\/api.w.org\/{rel}","templated":true}]}}